{"id":3053,"date":"2024-04-29T10:58:35","date_gmt":"2024-04-29T08:58:35","guid":{"rendered":"https:\/\/www.bedda.apartments\/tiny-studio\/"},"modified":"2025-06-06T10:08:21","modified_gmt":"2025-06-06T08:08:21","slug":"tiny-studio","status":"publish","type":"page","link":"https:\/\/www.bedda.apartments\/es\/tiny-studio\/","title":{"rendered":"Tiny Studio"},"content":{"rendered":"\t\t<div data-elementor-type=\"wp-page\" data-elementor-id=\"3053\" class=\"elementor elementor-3053\">\n\t\t\t\t<div class=\"elementor-element elementor-element-546c584 e-con-full e-flex e-con e-parent\" data-id=\"546c584\" data-element_type=\"container\">\n\t\t\t\t<div class=\"elementor-element elementor-element-df7d586 elementor-widget elementor-widget-slider_revolution\" data-id=\"df7d586\" data-element_type=\"widget\" data-widget_type=\"slider_revolution.default\">\n\t\t\t\t<div class=\"elementor-widget-container\">\n\t\t\t\n\t\t<div class=\"wp-block-themepunch-revslider\">\n\t\t\t<!-- START Tiny Studio ES REVOLUTION SLIDER 6.6.7 --><p class=\"rs-p-wp-fix\"><\/p>\n\t\t\t<rs-module-wrap id=\"rev_slider_10_1_wrapper\" data-source=\"gallery\" style=\"visibility:hidden;background:#131313;padding:0;\">\n\t\t\t\t<rs-module id=\"rev_slider_10_1\" style=\"\" data-version=\"6.6.7\">\n\t\t\t\t\t<rs-slides style=\"overflow: hidden; position: absolute;\">\n\t\t\t\t\t\t<rs-slide style=\"position: absolute;\" data-key=\"rs-15\" data-title=\"Creative\" data-anim=\"ms:2300;p:dark;\" data-in=\"o:0;\" data-out=\"o:0;\" data-p1=\"01\">\n\t\t\t\t\t\t\t<img fetchpriority=\"high\" decoding=\"async\" src=\"\/\/www.bedda.apartments\/wp-cntnt\/plgns\/revslider\/public\/assets\/assets\/dummy.png\" alt=\"\" title=\"bedda-apartments-tiny-studio-slide-001\" width=\"1920\" height=\"1080\" class=\"rev-slidebg tp-rs-img rs-lazyload\" data-lazyload=\"\/\/www.bedda.apartments\/wp-cntnt\/uplds\/2025\/06\/bedda-apartments-tiny-studio-slide-001.jpg\" data-parallax=\"3\" data-no-retina>\n<!--\n\t\t\t\t\t\t\t--><rs-layer\n\t\t\t\t\t\t\t\tid=\"slider-10-slide-15-layer-1\" \n\t\t\t\t\t\t\t\tclass=\"tp-shape tp-shapewrapper\"\n\t\t\t\t\t\t\t\tdata-type=\"shape\"\n\t\t\t\t\t\t\t\tdata-xy=\"x:c;y:m;\"\n\t\t\t\t\t\t\t\tdata-text=\"fw:100,100,400,400;\"\n\t\t\t\t\t\t\t\tdata-dim=\"w:100%;h:100%;\"\n\t\t\t\t\t\t\t\tdata-basealign=\"slide\"\n\t\t\t\t\t\t\t\tdata-rsp_o=\"off\"\n\t\t\t\t\t\t\t\tdata-rsp_bd=\"off\"\n\t\t\t\t\t\t\t\tdata-frame_1=\"e:power2.inOut;st:150;sp:1500;\"\n\t\t\t\t\t\t\t\tdata-frame_999=\"o:0;e:power2.inOut;st:w;sp:1500;\"\n\t\t\t\t\t\t\t\tstyle=\"z-index:6;background-color:rgba(19,19,19,0.25);\"\n\t\t\t\t\t\t\t> \n\t\t\t\t\t\t\t<\/rs-layer><!--\n\n\t\t\t\t\t\t\t--><rs-layer\n\t\t\t\t\t\t\t\tid=\"slider-10-slide-15-layer-2\" \n\t\t\t\t\t\t\t\tclass=\"Creative-Title\"\n\t\t\t\t\t\t\t\tdata-type=\"text\"\n\t\t\t\t\t\t\t\tdata-color=\"rgba(255,255,255,1)\"\n\t\t\t\t\t\t\t\tdata-xy=\"x:l,l,l,c;y:m;yo:0,-10px,0,0;\"\n\t\t\t\t\t\t\t\tdata-text=\"s:94,70,50,40;l:102.5,70,55,45;fw:300,400,400,400;a:center;\"\n\t\t\t\t\t\t\t\tdata-dim=\"w:auto,auto,auto,100%;\"\n\t\t\t\t\t\t\t\tdata-rsp_bd=\"off\"\n\t\t\t\t\t\t\t\tdata-frame_0=\"y:50px;\"\n\t\t\t\t\t\t\t\tdata-frame_1=\"e:power3.out;st:2550;sp:1500;\"\n\t\t\t\t\t\t\t\tdata-frame_999=\"x:0;y:0;z:0;sX:0.9;sY:0.9;o:0;rX:0;rY:0;rZ:0;skX:0;skY:0;st:w;sp:1000;\"\n\t\t\t\t\t\t\t\tstyle=\"z-index:8;font-family:'Outfit';\"\n\t\t\t\t\t\t\t>Bedda, Tiny Studio \n\t\t\t\t\t\t\t<\/rs-layer><!--\n\n\t\t\t\t\t\t\t--><rs-layer\n\t\t\t\t\t\t\t\tid=\"slider-10-slide-15-layer-3\" \n\t\t\t\t\t\t\t\tclass=\"Creative-SubTitle\"\n\t\t\t\t\t\t\t\tdata-type=\"text\"\n\t\t\t\t\t\t\t\tdata-xy=\"x:l,l,l,c;y:m;yo:-81px,-81px,-71px,-54px;\"\n\t\t\t\t\t\t\t\tdata-text=\"s:18,18,18,15;l:15;ls:2px;a:center;\"\n\t\t\t\t\t\t\t\tdata-dim=\"w:auto,auto,auto,100%;\"\n\t\t\t\t\t\t\t\tdata-rsp_bd=\"off\"\n\t\t\t\t\t\t\t\tdata-frame_0=\"y:50px;\"\n\t\t\t\t\t\t\t\tdata-frame_1=\"tp:600px;e:power3.out;st:2350;sp:1500;\"\n\t\t\t\t\t\t\t\tdata-frame_999=\"x:0;y:0;z:0;sX:0.9;sY:0.9;o:0;rX:0;rY:0;rZ:0;skX:0;skY:0;st:w;sp:1000;\"\n\t\t\t\t\t\t\t\tstyle=\"z-index:9;font-family:'Outfit';\"\n\t\t\t\t\t\t\t>No dejes que el tama\u00f1o te enga\u00f1e \n\t\t\t\t\t\t\t<\/rs-layer><!--\n\n\t\t\t\t\t\t\t--><a\n\t\t\t\t\t\t\t\tid=\"btn-scrollto\" \n\t\t\t\t\t\t\t\tclass=\"rs-layer rev-scroll-btn rev-b-span-light\"\n\t\t\t\t\t\t\t\thref=\"#content-scroll\" target=\"_self\"\n\t\t\t\t\t\t\t\tdata-type=\"button\"\n\t\t\t\t\t\t\t\tdata-xy=\"x:c;y:b;yo:25px;\"\n\t\t\t\t\t\t\t\tdata-text=\"w:normal;s:17;l:20;ls:1;\"\n\t\t\t\t\t\t\t\tdata-dim=\"w:35px;h:55px;minw:35px,none,none,none;minh:55px,none,none,none;\"\n\t\t\t\t\t\t\t\tdata-rsp_o=\"off\"\n\t\t\t\t\t\t\t\tdata-rsp_bd=\"off\"\n\t\t\t\t\t\t\t\tdata-padding=\"t:22;r:14;b:22;l:14;\"\n\t\t\t\t\t\t\t\tdata-border=\"bos:solid;boc:rgba(255,255,255,0.75);bow:3px,3px,3px,3px;bor:23px,23px,23px,23px;\"\n\t\t\t\t\t\t\t\tdata-frame_999=\"o:0;st:w;\"\n\t\t\t\t\t\t\t\tstyle=\"z-index:7;font-family:'Roboto';text-transform:uppercase;\"\n\t\t\t\t\t\t\t><span><\/span><span><\/span><span><\/span> \n\t\t\t\t\t\t\t<\/a><!--\n-->\t\t\t\t\t\t<\/rs-slide>\n\t\t\t\t\t<\/rs-slides>\n\t\t\t\t<\/rs-module>\n\t\t\t\t<script>\n\t\t\t\t\tsetREVStartSize({c: 'rev_slider_10_1',rl:[1240,1024,778,480],el:[868,768,960,720],gw:[1240,1024,778,480],gh:[868,768,960,720],type:'standard',justify:'',layout:'fullscreen',offsetContainer:'',offset:'0px',mh:\"0\"});if (window.RS_MODULES!==undefined && window.RS_MODULES.modules!==undefined && window.RS_MODULES.modules[\"revslider101\"]!==undefined) {window.RS_MODULES.modules[\"revslider101\"].once = false;window.revapi10 = undefined;if (window.RS_MODULES.checkMinimal!==undefined) window.RS_MODULES.checkMinimal()}\n\t\t\t\t<\/script>\n\t\t\t<\/rs-module-wrap>\n\t\t\t<!-- END REVOLUTION SLIDER -->\n<\/div>\n\n\t\t\t\t<\/div>\n\t\t\t\t<\/div>\n\t\t\t\t<\/div>\n\t\t<div class=\"elementor-element elementor-element-50c9468 e-flex e-con-boxed e-con e-parent\" data-id=\"50c9468\" data-element_type=\"container\" id=\"content-scroll\" data-settings=\"{&quot;background_background&quot;:&quot;classic&quot;}\">\n\t\t\t\t\t<div class=\"e-con-inner\">\n\t\t\t\t<div class=\"elementor-element elementor-element-02957ea elementor-widget elementor-widget-typography\" data-id=\"02957ea\" data-element_type=\"widget\" id=\"content\" data-widget_type=\"typography.default\">\n\t\t\t\t<div class=\"elementor-widget-container\">\n\t\t\t\n\t<p style=\"text-align:center\" class=\"little  \">BEDDA, TINY STUDIO<\/p>\n\n\n\n\t\t<\/div>\n\t\t\t\t<\/div>\n\t\t\t\t<div class=\"elementor-element elementor-element-99f1697 elementor-widget elementor-widget-typography\" data-id=\"99f1697\" data-element_type=\"widget\" data-widget_type=\"typography.default\">\n\t\t\t\t<div class=\"elementor-widget-container\">\n\t\t\t\n\t<h2 style=\"text-align:center\" class=\"text-anime\" >No te dejes enga\u00f1ar por el tama\u00f1o: Bedda es una peque\u00f1a maravilla de dise\u00f1o y funcionalidad.<\/h2>\n\n\n\n\t\t<\/div>\n\t\t\t\t<\/div>\n\t\t\t\t\t<\/div>\n\t\t\t\t<\/div>\n\t\t<div class=\"elementor-element elementor-element-f5bda83 e-con-full e-flex e-con e-parent\" data-id=\"f5bda83\" data-element_type=\"container\" data-settings=\"{&quot;background_background&quot;:&quot;classic&quot;}\">\n\t\t\t\t<div class=\"elementor-element elementor-element-dc35dfa position-gallery elementor-widget elementor-widget-horizontal_lightbox\" data-id=\"dc35dfa\" data-element_type=\"widget\" data-widget_type=\"horizontal_lightbox.default\">\n\t\t\t\t<div class=\"elementor-widget-container\">\n\t\t\t\n<div class=\"spacer-150 spacer-md-90 spacer-sm-60\"><\/div>\n<div class=\"position-x-scroll \" data-offset=\"12\">\n\t<div class=\"position-x-wrap\">\n\t\t\t<div class=\"item\">\n\t\t\t<div data-lightbox=\"https:\/\/www.bedda.apartments\/wp-cntnt\/uplds\/2025\/06\/bedda-apartments-bedda-tiny-studio-001.jpg\" class=\"image-anime single-image lightbox\">\n\t\t\t\t<img decoding=\"async\" src=\"https:\/\/www.bedda.apartments\/wp-cntnt\/uplds\/2025\/06\/bedda-apartments-bedda-tiny-studio-001.jpg\" data-mfp-src=\"https:\/\/www.bedda.apartments\/wp-cntnt\/uplds\/2025\/06\/bedda-apartments-bedda-tiny-studio-001.jpg\" alt=\"Single Image\">\n\t<\/div>\n\t\t<\/div>\n\t\t\t\t<div class=\"item\">\n\t\t\t<div data-lightbox=\"https:\/\/www.bedda.apartments\/wp-cntnt\/uplds\/2025\/06\/bedda-apartments-bedda-tiny-studio-002.jpg\" class=\"image-anime single-image lightbox\">\n\t\t\t\t<img decoding=\"async\" src=\"https:\/\/www.bedda.apartments\/wp-cntnt\/uplds\/2025\/06\/bedda-apartments-bedda-tiny-studio-002.jpg\" data-mfp-src=\"https:\/\/www.bedda.apartments\/wp-cntnt\/uplds\/2025\/06\/bedda-apartments-bedda-tiny-studio-002.jpg\" alt=\"Single Image\">\n\t<\/div>\n\t\t<\/div>\n\t\t\t<\/div>\n<\/div>\n\t\n\n\t\t<\/div>\n\t\t\t\t<\/div>\n\t\t\t\t<\/div>\n\t\t<div class=\"elementor-element elementor-element-754eb88 e-flex e-con-boxed e-con e-parent\" data-id=\"754eb88\" data-element_type=\"container\" data-settings=\"{&quot;background_background&quot;:&quot;classic&quot;}\">\n\t\t\t\t\t<div class=\"e-con-inner\">\n\t\t\t\t<div class=\"elementor-element elementor-element-59b1551 mb0 mt0 elementor-widget elementor-widget-text-editor\" data-id=\"59b1551\" data-element_type=\"widget\" data-widget_type=\"text-editor.default\">\n\t\t\t\t<div class=\"elementor-widget-container\">\n\t\t\t\t\t\t\tEn nuestro acogedor estudio, hemos condensado todo el encanto de Catania en un espacio peque\u00f1o pero chispeante, dise\u00f1ado para envolverte en un ambiente moderno y acogedor, perfecto para aquellos que buscan una experiencia \u00fanica e \u00edntima en nuestra espl\u00e9ndida ciudad.\n\nEn la planta baja encontrar\u00e1 una <strong>cocina totalmente equipada<\/strong>, ideal para preparar deliciosas comidas con productos locales frescos, <strong>un c\u00f3modo sof\u00e1 cama<\/strong> para relajarse despu\u00e9s de un d\u00eda de exploraci\u00f3n y un ba\u00f1o moderno. Al subir al entresuelo, le recibir\u00e1 una <strong>acogedora cama doble<\/strong>, el nido perfecto para so\u00f1ar con aventuras sicilianas.\t\t\t\t\t\t<\/div>\n\t\t\t\t<\/div>\n\t\t\t\t\t<\/div>\n\t\t\t\t<\/div>\n\t\t<div class=\"elementor-element elementor-element-9720977 e-con-full e-flex e-con e-parent\" data-id=\"9720977\" data-element_type=\"container\" data-settings=\"{&quot;background_background&quot;:&quot;classic&quot;,&quot;background_motion_fx_motion_fx_scrolling&quot;:&quot;yes&quot;,&quot;background_motion_fx_devices&quot;:[&quot;desktop&quot;,&quot;tablet&quot;,&quot;mobile&quot;]}\">\n\t\t\t\t<\/div>\n\t\t<div class=\"elementor-element elementor-element-dc2b760 e-flex e-con-boxed e-con e-parent\" data-id=\"dc2b760\" data-element_type=\"container\">\n\t\t\t\t\t<div class=\"e-con-inner\">\n\t\t\t\t<div class=\"elementor-element elementor-element-caf36d5 mb0 mt0 elementor-widget elementor-widget-text-editor\" data-id=\"caf36d5\" data-element_type=\"widget\" data-widget_type=\"text-editor.default\">\n\t\t\t\t<div class=\"elementor-widget-container\">\n\t\t\t\t\t\t\tNuestra misi\u00f3n es hacerte sentir como en casa, ofreci\u00e9ndote no s\u00f3lo alojamiento, sino una experiencia llena de calidez y autenticidad. La hospitalidad siciliana es legendaria, y en Bedda, Tiny Studio la experimentar\u00e1s en cada detalle, desde la c\u00e1lida bienvenida hasta el <strong>asesoramiento personalizado para descubrir los rincones m\u00e1s secretos y fascinantes de Catania y sus alrededores<\/strong>.\t\t\t\t\t\t<\/div>\n\t\t\t\t<\/div>\n\t\t\t\t\t<\/div>\n\t\t\t\t<\/div>\n\t\t<div class=\"elementor-element elementor-element-d5ef801 e-flex e-con-boxed e-con e-parent\" data-id=\"d5ef801\" data-element_type=\"container\" data-settings=\"{&quot;background_background&quot;:&quot;classic&quot;}\">\n\t\t\t\t\t<div class=\"e-con-inner\">\n\t\t<div class=\"elementor-element elementor-element-1ffdb7e e-con-full e-flex e-con e-child\" data-id=\"1ffdb7e\" data-element_type=\"container\">\n\t\t\t\t<div class=\"elementor-element elementor-element-3fc3dde elementor-position-left elementor-vertical-align-middle number-font invert-text-color animated-fast elementor-invisible elementor-widget elementor-widget-image-box\" data-id=\"3fc3dde\" data-element_type=\"widget\" data-settings=\"{&quot;_animation&quot;:&quot;slideInUp&quot;}\" data-widget_type=\"image-box.default\">\n\t\t\t\t<div class=\"elementor-widget-container\">\n\t\t\t<div class=\"elementor-image-box-wrapper\"><figure class=\"elementor-image-box-img\"><img decoding=\"async\" width=\"256\" height=\"256\" src=\"https:\/\/www.bedda.apartments\/wp-cntnt\/uplds\/2024\/04\/bedda-apartments-icon-mq-black.png\" class=\"attachment-full size-full wp-image-2069\" alt=\"\" srcset=\"https:\/\/www.bedda.apartments\/wp-cntnt\/uplds\/2024\/04\/bedda-apartments-icon-mq-black.png 256w, https:\/\/www.bedda.apartments\/wp-cntnt\/uplds\/2024\/04\/bedda-apartments-icon-mq-black-150x150.png 150w\" sizes=\"(max-width: 256px) 100vw, 256px\" \/><\/figure><div class=\"elementor-image-box-content\"><h3 class=\"elementor-image-box-title\">35<\/h3><p class=\"elementor-image-box-description\">mq<\/p><\/div><\/div>\t\t<\/div>\n\t\t\t\t<\/div>\n\t\t\t\t<\/div>\n\t\t<div class=\"elementor-element elementor-element-2450b20 e-con-full e-flex e-con e-child\" data-id=\"2450b20\" data-element_type=\"container\">\n\t\t\t\t<div class=\"elementor-element elementor-element-d7b63b9 elementor-position-left elementor-vertical-align-middle number-font invert-text-color animated-fast elementor-invisible elementor-widget elementor-widget-image-box\" data-id=\"d7b63b9\" data-element_type=\"widget\" data-settings=\"{&quot;_animation&quot;:&quot;slideInUp&quot;}\" data-widget_type=\"image-box.default\">\n\t\t\t\t<div class=\"elementor-widget-container\">\n\t\t\t<div class=\"elementor-image-box-wrapper\"><figure class=\"elementor-image-box-img\"><img decoding=\"async\" width=\"256\" height=\"256\" src=\"https:\/\/www.bedda.apartments\/wp-cntnt\/uplds\/2024\/04\/bedda-apartments-icon-letto-black.png\" class=\"attachment-full size-full wp-image-2071\" alt=\"\" srcset=\"https:\/\/www.bedda.apartments\/wp-cntnt\/uplds\/2024\/04\/bedda-apartments-icon-letto-black.png 256w, https:\/\/www.bedda.apartments\/wp-cntnt\/uplds\/2024\/04\/bedda-apartments-icon-letto-black-150x150.png 150w\" sizes=\"(max-width: 256px) 100vw, 256px\" \/><\/figure><div class=\"elementor-image-box-content\"><h3 class=\"elementor-image-box-title\">Cama matrimonial<\/h3><\/div><\/div>\t\t<\/div>\n\t\t\t\t<\/div>\n\t\t\t\t<\/div>\n\t\t<div class=\"elementor-element elementor-element-752bf30 e-con-full e-flex e-con e-child\" data-id=\"752bf30\" data-element_type=\"container\">\n\t\t\t\t<div class=\"elementor-element elementor-element-cbbeccd elementor-position-left elementor-vertical-align-middle number-font invert-text-color animated-fast elementor-invisible elementor-widget elementor-widget-image-box\" data-id=\"cbbeccd\" data-element_type=\"widget\" data-settings=\"{&quot;_animation&quot;:&quot;slideInUp&quot;}\" data-widget_type=\"image-box.default\">\n\t\t\t\t<div class=\"elementor-widget-container\">\n\t\t\t<div class=\"elementor-image-box-wrapper\"><figure class=\"elementor-image-box-img\"><img loading=\"lazy\" decoding=\"async\" width=\"256\" height=\"256\" src=\"https:\/\/www.bedda.apartments\/wp-cntnt\/uplds\/2024\/04\/bedda-apartments-icon-divano-letto-black.png\" class=\"attachment-full size-full wp-image-2073\" alt=\"\" srcset=\"https:\/\/www.bedda.apartments\/wp-cntnt\/uplds\/2024\/04\/bedda-apartments-icon-divano-letto-black.png 256w, https:\/\/www.bedda.apartments\/wp-cntnt\/uplds\/2024\/04\/bedda-apartments-icon-divano-letto-black-150x150.png 150w\" sizes=\"(max-width: 256px) 100vw, 256px\" \/><\/figure><div class=\"elementor-image-box-content\"><h3 class=\"elementor-image-box-title\">Sof\u00e1<br\/>Cama<\/h3><\/div><\/div>\t\t<\/div>\n\t\t\t\t<\/div>\n\t\t\t\t<\/div>\n\t\t<div class=\"elementor-element elementor-element-f7dd469 e-con-full e-flex e-con e-child\" data-id=\"f7dd469\" data-element_type=\"container\">\n\t\t\t\t<div class=\"elementor-element elementor-element-7eccdc8 elementor-position-left elementor-vertical-align-middle number-font invert-text-color animated-fast elementor-invisible elementor-widget elementor-widget-image-box\" data-id=\"7eccdc8\" data-element_type=\"widget\" data-settings=\"{&quot;_animation&quot;:&quot;slideInUp&quot;}\" data-widget_type=\"image-box.default\">\n\t\t\t\t<div class=\"elementor-widget-container\">\n\t\t\t<div class=\"elementor-image-box-wrapper\"><figure class=\"elementor-image-box-img\"><img loading=\"lazy\" decoding=\"async\" width=\"256\" height=\"256\" src=\"https:\/\/www.bedda.apartments\/wp-cntnt\/uplds\/2024\/04\/bedda-apartments-icon-cucina-black.png\" class=\"attachment-full size-full wp-image-2075\" alt=\"\" srcset=\"https:\/\/www.bedda.apartments\/wp-cntnt\/uplds\/2024\/04\/bedda-apartments-icon-cucina-black.png 256w, https:\/\/www.bedda.apartments\/wp-cntnt\/uplds\/2024\/04\/bedda-apartments-icon-cucina-black-150x150.png 150w\" sizes=\"(max-width: 256px) 100vw, 256px\" \/><\/figure><div class=\"elementor-image-box-content\"><h3 class=\"elementor-image-box-title\">Cocina<\/h3><\/div><\/div>\t\t<\/div>\n\t\t\t\t<\/div>\n\t\t\t\t<\/div>\n\t\t\t\t\t<\/div>\n\t\t\t\t<\/div>\n\t\t\t\t<\/div>\n\t\t","protected":false},"excerpt":{"rendered":"<p>BEDDA, TINY STUDIO No te dejes enga\u00f1ar por el tama\u00f1o: Bedda es una peque\u00f1a maravilla de dise\u00f1o y funcionalidad. En nuestro acogedor estudio, hemos condensado todo el encanto de Catania&#8230;<\/p>\n","protected":false},"author":1,"featured_media":0,"parent":0,"menu_order":0,"comment_status":"closed","ping_status":"closed","template":"","meta":{"_acf_changed":false,"footnotes":""},"class_list":["post-3053","page","type-page","status-publish","hentry"],"acf":[],"yoast_head":"<!-- This site is optimized with the Yoast SEO plugin v27.4 - https:\/\/yoast.com\/product\/yoast-seo-wordpress\/ -->\n<title>Bedda, Tiny Studio | una peque\u00f1a maravilla de dise\u00f1o y funcionalidad<\/title>\n<meta name=\"description\" content=\"En nuestro acogedor estudio hemos condensado todo el encanto de Catania en un espacio peque\u00f1o pero chispeante, dise\u00f1ado para envolverte en un ambiente moderno y acogedor.\" \/>\n<meta name=\"robots\" content=\"index, follow, max-snippet:-1, max-image-preview:large, max-video-preview:-1\" \/>\n<link rel=\"canonical\" href=\"https:\/\/www.bedda.apartments\/es\/tiny-studio\/\" \/>\n<meta property=\"og:locale\" content=\"es_ES\" \/>\n<meta property=\"og:type\" content=\"article\" \/>\n<meta property=\"og:title\" content=\"Bedda, Tiny Studio | una peque\u00f1a maravilla de dise\u00f1o y funcionalidad\" \/>\n<meta property=\"og:description\" content=\"En nuestro acogedor estudio hemos condensado todo el encanto de Catania en un espacio peque\u00f1o pero chispeante, dise\u00f1ado para envolverte en un ambiente moderno y acogedor.\" \/>\n<meta property=\"og:url\" content=\"https:\/\/www.bedda.apartments\/es\/tiny-studio\/\" \/>\n<meta property=\"og:site_name\" content=\"Bedda Apartments\" \/>\n<meta property=\"article:modified_time\" content=\"2025-06-06T08:08:21+00:00\" \/>\n<meta property=\"og:image\" content=\"https:\/\/www.bedda.apartments\/wp-cntnt\/uplds\/2025\/06\/bedda-apartments-bedda-tiny-studio-001.jpg\" \/>\n<meta name=\"twitter:card\" content=\"summary_large_image\" \/>\n<meta name=\"twitter:label1\" content=\"Tiempo de lectura\" \/>\n\t<meta name=\"twitter:data1\" content=\"3 minutos\" \/>\n<script type=\"application\/ld+json\" class=\"yoast-schema-graph\">{\"@context\":\"https:\\\/\\\/schema.org\",\"@graph\":[{\"@type\":\"WebPage\",\"@id\":\"https:\\\/\\\/www.bedda.apartments\\\/es\\\/tiny-studio\\\/\",\"url\":\"https:\\\/\\\/www.bedda.apartments\\\/es\\\/tiny-studio\\\/\",\"name\":\"Bedda, Tiny Studio | una peque\u00f1a maravilla de dise\u00f1o y funcionalidad\",\"isPartOf\":{\"@id\":\"https:\\\/\\\/www.bedda.apartments\\\/#website\"},\"primaryImageOfPage\":{\"@id\":\"https:\\\/\\\/www.bedda.apartments\\\/es\\\/tiny-studio\\\/#primaryimage\"},\"image\":{\"@id\":\"https:\\\/\\\/www.bedda.apartments\\\/es\\\/tiny-studio\\\/#primaryimage\"},\"thumbnailUrl\":\"https:\\\/\\\/www.bedda.apartments\\\/wp-cntnt\\\/uplds\\\/2025\\\/06\\\/bedda-apartments-bedda-tiny-studio-001.jpg\",\"datePublished\":\"2024-04-29T08:58:35+00:00\",\"dateModified\":\"2025-06-06T08:08:21+00:00\",\"description\":\"En nuestro acogedor estudio hemos condensado todo el encanto de Catania en un espacio peque\u00f1o pero chispeante, dise\u00f1ado para envolverte en un ambiente moderno y acogedor.\",\"breadcrumb\":{\"@id\":\"https:\\\/\\\/www.bedda.apartments\\\/es\\\/tiny-studio\\\/#breadcrumb\"},\"inLanguage\":\"es\",\"potentialAction\":[{\"@type\":\"ReadAction\",\"target\":[\"https:\\\/\\\/www.bedda.apartments\\\/es\\\/tiny-studio\\\/\"]}]},{\"@type\":\"ImageObject\",\"inLanguage\":\"es\",\"@id\":\"https:\\\/\\\/www.bedda.apartments\\\/es\\\/tiny-studio\\\/#primaryimage\",\"url\":\"https:\\\/\\\/www.bedda.apartments\\\/wp-cntnt\\\/uplds\\\/2025\\\/06\\\/bedda-apartments-bedda-tiny-studio-001.jpg\",\"contentUrl\":\"https:\\\/\\\/www.bedda.apartments\\\/wp-cntnt\\\/uplds\\\/2025\\\/06\\\/bedda-apartments-bedda-tiny-studio-001.jpg\"},{\"@type\":\"BreadcrumbList\",\"@id\":\"https:\\\/\\\/www.bedda.apartments\\\/es\\\/tiny-studio\\\/#breadcrumb\",\"itemListElement\":[{\"@type\":\"ListItem\",\"position\":1,\"name\":\"Home\",\"item\":\"https:\\\/\\\/www.bedda.apartments\\\/es\\\/\"},{\"@type\":\"ListItem\",\"position\":2,\"name\":\"Tiny Studio\"}]},{\"@type\":\"WebSite\",\"@id\":\"https:\\\/\\\/www.bedda.apartments\\\/#website\",\"url\":\"https:\\\/\\\/www.bedda.apartments\\\/\",\"name\":\"Bedda Apartments\",\"description\":\"\",\"potentialAction\":[{\"@type\":\"SearchAction\",\"target\":{\"@type\":\"EntryPoint\",\"urlTemplate\":\"https:\\\/\\\/www.bedda.apartments\\\/?s={search_term_string}\"},\"query-input\":{\"@type\":\"PropertyValueSpecification\",\"valueRequired\":true,\"valueName\":\"search_term_string\"}}],\"inLanguage\":\"es\"}]}<\/script>\n<!-- \/ Yoast SEO plugin. -->","yoast_head_json":{"title":"Bedda, Tiny Studio | una peque\u00f1a maravilla de dise\u00f1o y funcionalidad","description":"En nuestro acogedor estudio hemos condensado todo el encanto de Catania en un espacio peque\u00f1o pero chispeante, dise\u00f1ado para envolverte en un ambiente moderno y acogedor.","robots":{"index":"index","follow":"follow","max-snippet":"max-snippet:-1","max-image-preview":"max-image-preview:large","max-video-preview":"max-video-preview:-1"},"canonical":"https:\/\/www.bedda.apartments\/es\/tiny-studio\/","og_locale":"es_ES","og_type":"article","og_title":"Bedda, Tiny Studio | una peque\u00f1a maravilla de dise\u00f1o y funcionalidad","og_description":"En nuestro acogedor estudio hemos condensado todo el encanto de Catania en un espacio peque\u00f1o pero chispeante, dise\u00f1ado para envolverte en un ambiente moderno y acogedor.","og_url":"https:\/\/www.bedda.apartments\/es\/tiny-studio\/","og_site_name":"Bedda Apartments","article_modified_time":"2025-06-06T08:08:21+00:00","og_image":[{"url":"https:\/\/www.bedda.apartments\/wp-cntnt\/uplds\/2025\/06\/bedda-apartments-bedda-tiny-studio-001.jpg","type":"","width":"","height":""}],"twitter_card":"summary_large_image","twitter_misc":{"Tiempo de lectura":"3 minutos"},"schema":{"@context":"https:\/\/schema.org","@graph":[{"@type":"WebPage","@id":"https:\/\/www.bedda.apartments\/es\/tiny-studio\/","url":"https:\/\/www.bedda.apartments\/es\/tiny-studio\/","name":"Bedda, Tiny Studio | una peque\u00f1a maravilla de dise\u00f1o y funcionalidad","isPartOf":{"@id":"https:\/\/www.bedda.apartments\/#website"},"primaryImageOfPage":{"@id":"https:\/\/www.bedda.apartments\/es\/tiny-studio\/#primaryimage"},"image":{"@id":"https:\/\/www.bedda.apartments\/es\/tiny-studio\/#primaryimage"},"thumbnailUrl":"https:\/\/www.bedda.apartments\/wp-cntnt\/uplds\/2025\/06\/bedda-apartments-bedda-tiny-studio-001.jpg","datePublished":"2024-04-29T08:58:35+00:00","dateModified":"2025-06-06T08:08:21+00:00","description":"En nuestro acogedor estudio hemos condensado todo el encanto de Catania en un espacio peque\u00f1o pero chispeante, dise\u00f1ado para envolverte en un ambiente moderno y acogedor.","breadcrumb":{"@id":"https:\/\/www.bedda.apartments\/es\/tiny-studio\/#breadcrumb"},"inLanguage":"es","potentialAction":[{"@type":"ReadAction","target":["https:\/\/www.bedda.apartments\/es\/tiny-studio\/"]}]},{"@type":"ImageObject","inLanguage":"es","@id":"https:\/\/www.bedda.apartments\/es\/tiny-studio\/#primaryimage","url":"https:\/\/www.bedda.apartments\/wp-cntnt\/uplds\/2025\/06\/bedda-apartments-bedda-tiny-studio-001.jpg","contentUrl":"https:\/\/www.bedda.apartments\/wp-cntnt\/uplds\/2025\/06\/bedda-apartments-bedda-tiny-studio-001.jpg"},{"@type":"BreadcrumbList","@id":"https:\/\/www.bedda.apartments\/es\/tiny-studio\/#breadcrumb","itemListElement":[{"@type":"ListItem","position":1,"name":"Home","item":"https:\/\/www.bedda.apartments\/es\/"},{"@type":"ListItem","position":2,"name":"Tiny Studio"}]},{"@type":"WebSite","@id":"https:\/\/www.bedda.apartments\/#website","url":"https:\/\/www.bedda.apartments\/","name":"Bedda Apartments","description":"","potentialAction":[{"@type":"SearchAction","target":{"@type":"EntryPoint","urlTemplate":"https:\/\/www.bedda.apartments\/?s={search_term_string}"},"query-input":{"@type":"PropertyValueSpecification","valueRequired":true,"valueName":"search_term_string"}}],"inLanguage":"es"}]}},"_links":{"self":[{"href":"https:\/\/www.bedda.apartments\/es\/wp-json\/wp\/v2\/pages\/3053","targetHints":{"allow":["GET"]}}],"collection":[{"href":"https:\/\/www.bedda.apartments\/es\/wp-json\/wp\/v2\/pages"}],"about":[{"href":"https:\/\/www.bedda.apartments\/es\/wp-json\/wp\/v2\/types\/page"}],"author":[{"embeddable":true,"href":"https:\/\/www.bedda.apartments\/es\/wp-json\/wp\/v2\/users\/1"}],"replies":[{"embeddable":true,"href":"https:\/\/www.bedda.apartments\/es\/wp-json\/wp\/v2\/comments?post=3053"}],"version-history":[{"count":22,"href":"https:\/\/www.bedda.apartments\/es\/wp-json\/wp\/v2\/pages\/3053\/revisions"}],"predecessor-version":[{"id":4390,"href":"https:\/\/www.bedda.apartments\/es\/wp-json\/wp\/v2\/pages\/3053\/revisions\/4390"}],"wp:attachment":[{"href":"https:\/\/www.bedda.apartments\/es\/wp-json\/wp\/v2\/media?parent=3053"}],"curies":[{"name":"wp","href":"https:\/\/api.w.org\/{rel}","templated":true}]}}