{"id":3009,"date":"2024-04-30T12:07:25","date_gmt":"2024-04-30T10:07:25","guid":{"rendered":"https:\/\/www.bedda.apartments\/contatti\/"},"modified":"2024-06-21T15:14:06","modified_gmt":"2024-06-21T13:14:06","slug":"contacts","status":"publish","type":"page","link":"https:\/\/www.bedda.apartments\/fr\/contacts\/","title":{"rendered":"Contacts"},"content":{"rendered":"\t\t<div data-elementor-type=\"wp-page\" data-elementor-id=\"3009\" class=\"elementor elementor-3009\">\n\t\t\t\t<div class=\"elementor-element elementor-element-5c497b3 e-con-full e-flex e-con e-parent\" data-id=\"5c497b3\" data-element_type=\"container\" data-settings=\"{&quot;background_background&quot;:&quot;classic&quot;}\">\n\t\t\t\t<div class=\"elementor-element elementor-element-c30a073 elementor-widget elementor-widget-typography\" data-id=\"c30a073\" data-element_type=\"widget\" data-widget_type=\"typography.default\">\n\t\t\t\t<div class=\"elementor-widget-container\">\n\t\t\t\n\t<h1 style=\"text-align:left\" class=\"text-anime\" >Contacts<\/h1>\n\n\n\n\t\t<\/div>\n\t\t\t\t<\/div>\n\t\t\t\t<\/div>\n\t\t<div class=\"elementor-element elementor-element-cd8412b e-flex e-con-boxed e-con e-parent\" data-id=\"cd8412b\" data-element_type=\"container\">\n\t\t\t\t\t<div class=\"e-con-inner\">\n\t\t<div class=\"elementor-element elementor-element-1ccadc6 e-con-full e-flex e-con e-child\" data-id=\"1ccadc6\" data-element_type=\"container\">\n\t\t\t\t<div class=\"elementor-element elementor-element-94d6da1 elementor-widget elementor-widget-typography\" data-id=\"94d6da1\" data-element_type=\"widget\" data-widget_type=\"typography.default\">\n\t\t\t\t<div class=\"elementor-widget-container\">\n\t\t\t\n\t<h6 style=\"text-align:left\" class=\"text-anime\" >O\u00f9 nous sommes<\/h6>\n\n\n\n\t\t<\/div>\n\t\t\t\t<\/div>\n\t\t\t\t<div class=\"elementor-element elementor-element-a303b9b elementor-widget elementor-widget-typography\" data-id=\"a303b9b\" data-element_type=\"widget\" data-widget_type=\"typography.default\">\n\t\t\t\t<div class=\"elementor-widget-container\">\n\t\t\t\n\t\t<p style=\"text-align:left\" class=\"custom default text-anime\">Via Monsignor Ventimiglia 209\n<br\/>\n95131 Catania (CT)<\/p>\n\t\n\n\n\t\t<\/div>\n\t\t\t\t<\/div>\n\t\t\t\t<div class=\"elementor-element elementor-element-73b4a69 elementor-position-left elementor-mobile-position-left elementor-vertical-align-middle elementor-view-default elementor-widget elementor-widget-icon-box\" data-id=\"73b4a69\" data-element_type=\"widget\" data-widget_type=\"icon-box.default\">\n\t\t\t\t<div class=\"elementor-widget-container\">\n\t\t\t\t\t<div class=\"elementor-icon-box-wrapper\">\n\n\t\t\t\t\t\t<div class=\"elementor-icon-box-icon\">\n\t\t\t\t<a href=\"https:\/\/www.google.com\/maps\/dir\/\/Via+Monsignor+Ventimiglia,+209+95131+Catania+CT\/@37.5096258,15.0926365,17z\/data=!4m5!4m4!1m0!1m2!1m1!1s0x1313fccd3400b785:0x239a91572d0cc2ed\" target=\"_blank\" class=\"elementor-icon elementor-animation-\" tabindex=\"-1\">\n\t\t\t\t<svg aria-hidden=\"true\" class=\"e-font-icon-svg e-fas-location-arrow\" viewBox=\"0 0 512 512\" xmlns=\"http:\/\/www.w3.org\/2000\/svg\"><path d=\"M444.52 3.52L28.74 195.42c-47.97 22.39-31.98 92.75 19.19 92.75h175.91v175.91c0 51.17 70.36 67.17 92.75 19.19l191.9-415.78c15.99-38.39-25.59-79.97-63.97-63.97z\"><\/path><\/svg>\t\t\t\t<\/a>\n\t\t\t<\/div>\n\t\t\t\n\t\t\t\t\t\t<div class=\"elementor-icon-box-content\">\n\n\t\t\t\t\t\t\t\t\t<span class=\"elementor-icon-box-title\">\n\t\t\t\t\t\t<a href=\"https:\/\/www.google.com\/maps\/dir\/\/Via+Monsignor+Ventimiglia,+209+95131+Catania+CT\/@37.5096258,15.0926365,17z\/data=!4m5!4m4!1m0!1m2!1m1!1s0x1313fccd3400b785:0x239a91572d0cc2ed\" target=\"_blank\" >\n\t\t\t\t\t\t\tDirections\t\t\t\t\t\t<\/a>\n\t\t\t\t\t<\/span>\n\t\t\t\t\n\t\t\t\t\n\t\t\t<\/div>\n\t\t\t\n\t\t<\/div>\n\t\t\t\t<\/div>\n\t\t\t\t<\/div>\n\t\t\t\t<div class=\"elementor-element elementor-element-c6346d8 elementor-widget elementor-widget-typography\" data-id=\"c6346d8\" data-element_type=\"widget\" data-widget_type=\"typography.default\">\n\t\t\t\t<div class=\"elementor-widget-container\">\n\t\t\t\n\t<h6 style=\"text-align:left\" class=\"text-anime\" >T\u00e9l\u00e9phone<\/h6>\n\n\n\n\t\t<\/div>\n\t\t\t\t<\/div>\n\t\t\t\t<div class=\"elementor-element elementor-element-34928bd elementor-widget elementor-widget-typography\" data-id=\"34928bd\" data-element_type=\"widget\" data-widget_type=\"typography.default\">\n\t\t\t\t<div class=\"elementor-widget-container\">\n\t\t\t\n\t\t<p style=\"text-align:left\" class=\"custom default text-anime\"><a href=\"tel:+393792223332\">+39 379 222 3332<\/a><\/p>\n\t\n\n\n\t\t<\/div>\n\t\t\t\t<\/div>\n\t\t\t\t<div class=\"elementor-element elementor-element-263f3cf elementor-widget elementor-widget-typography\" data-id=\"263f3cf\" data-element_type=\"widget\" data-widget_type=\"typography.default\">\n\t\t\t\t<div class=\"elementor-widget-container\">\n\t\t\t\n\t<h6 style=\"text-align:left\" class=\"text-anime\" >E-mail<\/h6>\n\n\n\n\t\t<\/div>\n\t\t\t\t<\/div>\n\t\t\t\t<div class=\"elementor-element elementor-element-cd2bf2b elementor-widget elementor-widget-typography\" data-id=\"cd2bf2b\" data-element_type=\"widget\" data-widget_type=\"typography.default\">\n\t\t\t\t<div class=\"elementor-widget-container\">\n\t\t\t\n\t\t<p style=\"text-align:left\" class=\"custom default text-anime\"><a href=\"mailto:info@bedda.apartments\">info@bedda.apartments<\/a><\/p>\n\t\n\n\n\t\t<\/div>\n\t\t\t\t<\/div>\n\t\t\t\t<\/div>\n\t\t<div class=\"elementor-element elementor-element-5135d70 e-con-full e-flex e-con e-child\" data-id=\"5135d70\" data-element_type=\"container\">\n\t\t\t\t<div class=\"elementor-element elementor-element-00e4e28 elementor-widget elementor-widget-typography\" data-id=\"00e4e28\" data-element_type=\"widget\" data-widget_type=\"typography.default\">\n\t\t\t\t<div class=\"elementor-widget-container\">\n\t\t\t\n\t<h6 style=\"text-align:left\"  >Informations requises<\/h6>\n\n\n\n\t\t<\/div>\n\t\t\t\t<\/div>\n\t\t\t\t<div class=\"elementor-element elementor-element-8b07b34 elementor-widget elementor-widget-shortcode\" data-id=\"8b07b34\" data-element_type=\"widget\" data-widget_type=\"shortcode.default\">\n\t\t\t\t<div class=\"elementor-widget-container\">\n\t\t\t\t\t<div class=\"elementor-shortcode\">\n<div class=\"wpcf7 no-js\" id=\"wpcf7-f3008-o1\" lang=\"en-US\" dir=\"ltr\" data-wpcf7-id=\"3008\">\n<div class=\"screen-reader-response\"><p role=\"status\" aria-live=\"polite\" aria-atomic=\"true\"><\/p> <ul><\/ul><\/div>\n<form action=\"\/fr\/wp-json\/wp\/v2\/pages\/3009#wpcf7-f3008-o1\" method=\"post\" class=\"wpcf7-form init\" aria-label=\"Contact form\" novalidate=\"novalidate\" data-status=\"init\">\n<fieldset class=\"hidden-fields-container\"><input type=\"hidden\" name=\"_wpcf7\" value=\"3008\" \/><input type=\"hidden\" name=\"_wpcf7_version\" value=\"6.1.5\" \/><input type=\"hidden\" name=\"_wpcf7_locale\" value=\"en_US\" \/><input type=\"hidden\" name=\"_wpcf7_unit_tag\" value=\"wpcf7-f3008-o1\" \/><input type=\"hidden\" name=\"_wpcf7_container_post\" value=\"0\" \/><input type=\"hidden\" name=\"_wpcf7_posted_data_hash\" value=\"\" \/><input type=\"hidden\" name=\"_wpcf7_recaptcha_response\" value=\"\" \/>\n<\/fieldset>\n<p><span class=\"wpcf7-form-control-wrap\" data-name=\"text-688\"><input size=\"40\" maxlength=\"400\" class=\"wpcf7-form-control wpcf7-text wpcf7-validates-as-required contact-bar\" aria-required=\"true\" aria-invalid=\"false\" placeholder=\"Nom et pr\u00e9nom\" value=\"\" type=\"text\" name=\"text-688\" \/><\/span>\n<\/p>\n<p><span class=\"wpcf7-form-control-wrap\" data-name=\"email-578\"><input size=\"40\" maxlength=\"400\" class=\"wpcf7-form-control wpcf7-email wpcf7-validates-as-required wpcf7-text wpcf7-validates-as-email contact-bar\" aria-required=\"true\" aria-invalid=\"false\" placeholder=\"Adresse e-mail\" value=\"\" type=\"email\" name=\"email-578\" \/><\/span>\n<\/p>\n<p><span class=\"wpcf7-form-control-wrap\" data-name=\"textarea-741\"><textarea cols=\"40\" rows=\"10\" maxlength=\"2000\" class=\"wpcf7-form-control wpcf7-textarea wpcf7-validates-as-required contact-bar\" aria-required=\"true\" aria-invalid=\"false\" placeholder=\"Texte du message\" name=\"textarea-741\"><\/textarea><\/span>\n<\/p>\n<p><span class=\"wpcf7-form-control-wrap\" data-name=\"privacy_policy\"><span class=\"wpcf7-form-control wpcf7-acceptance\"><span class=\"wpcf7-list-item\"><label><input type=\"checkbox\" name=\"privacy_policy\" value=\"1\" class=\"privacy_policy\" aria-invalid=\"false\" \/><span class=\"wpcf7-list-item-label\"><a href=\"https:\/\/www.bedda.apartments\/policy\/privacy_fr.php\" class=\"policy\" target=\"_blank\">J'autorise le traitement des donn\u00e9es personnelles au nom de l'Art. 7 de la Loi 196\/2003 (EU GDPR)<\/a><\/span><\/label><\/span><\/span><\/span>\n<\/p>\n<p><input class=\"wpcf7-form-control wpcf7-submit has-spinner form-btn\" type=\"submit\" value=\"ENVOYER LE MESSAGE\" \/>\n<\/p><div class=\"wpcf7-response-output\" aria-hidden=\"true\"><\/div>\n<\/form>\n<\/div>\n<\/div>\n\t\t\t\t<\/div>\n\t\t\t\t<\/div>\n\t\t\t\t<\/div>\n\t\t\t\t\t<\/div>\n\t\t\t\t<\/div>\n\t\t\t\t<\/div>\n\t\t","protected":false},"excerpt":{"rendered":"<p>Contacts O\u00f9 nous sommes Via Monsignor Ventimiglia 209 95131 Catania (CT) Directions T\u00e9l\u00e9phone +39 379 222 3332 E-mail info@bedda.apartments Informations requises<\/p>\n","protected":false},"author":1,"featured_media":0,"parent":0,"menu_order":0,"comment_status":"closed","ping_status":"closed","template":"","meta":{"_acf_changed":false,"footnotes":""},"class_list":["post-3009","page","type-page","status-publish","hentry"],"acf":[],"yoast_head":"<!-- This site is optimized with the Yoast SEO plugin v27.4 - https:\/\/yoast.com\/product\/yoast-seo-wordpress\/ -->\n<title>Contacts | Bedda, petit studio - au coeur de Catane<\/title>\n<meta name=\"description\" content=\"Bedda, Tiny Studio est bien plus qu\u2019un simple h\u00e9bergement ; c&#039;est une invitation \u00e0 d\u00e9couvrir Catane comme un vrai Catanais.\" \/>\n<meta name=\"robots\" content=\"index, follow, max-snippet:-1, max-image-preview:large, max-video-preview:-1\" \/>\n<link rel=\"canonical\" href=\"https:\/\/www.bedda.apartments\/es\/contactos\/\" \/>\n<meta property=\"og:locale\" content=\"fr_FR\" \/>\n<meta property=\"og:type\" content=\"article\" \/>\n<meta property=\"og:title\" content=\"Contacts | Bedda, petit studio - au coeur de Catane\" \/>\n<meta property=\"og:description\" content=\"Bedda, Tiny Studio est bien plus qu\u2019un simple h\u00e9bergement ; c&#039;est une invitation \u00e0 d\u00e9couvrir Catane comme un vrai Catanais.\" \/>\n<meta property=\"og:url\" content=\"https:\/\/www.bedda.apartments\/es\/contactos\/\" \/>\n<meta property=\"og:site_name\" content=\"Bedda Apartments\" \/>\n<meta property=\"article:modified_time\" content=\"2024-06-21T13:14:06+00:00\" \/>\n<meta name=\"twitter:card\" content=\"summary_large_image\" \/>\n<meta name=\"twitter:label1\" content=\"Dur\u00e9e de lecture estim\u00e9e\" \/>\n\t<meta name=\"twitter:data1\" content=\"1 minute\" \/>\n<script type=\"application\/ld+json\" class=\"yoast-schema-graph\">{\"@context\":\"https:\\\/\\\/schema.org\",\"@graph\":[{\"@type\":\"WebPage\",\"@id\":\"https:\\\/\\\/www.bedda.apartments\\\/es\\\/contactos\\\/\",\"url\":\"https:\\\/\\\/www.bedda.apartments\\\/es\\\/contactos\\\/\",\"name\":\"Contacts | Bedda, petit studio - au coeur de Catane\",\"isPartOf\":{\"@id\":\"https:\\\/\\\/www.bedda.apartments\\\/#website\"},\"datePublished\":\"2024-04-30T10:07:25+00:00\",\"dateModified\":\"2024-06-21T13:14:06+00:00\",\"description\":\"Bedda, Tiny Studio est bien plus qu\u2019un simple h\u00e9bergement ; c'est une invitation \u00e0 d\u00e9couvrir Catane comme un vrai Catanais.\",\"breadcrumb\":{\"@id\":\"https:\\\/\\\/www.bedda.apartments\\\/es\\\/contactos\\\/#breadcrumb\"},\"inLanguage\":\"fr-FR\",\"potentialAction\":[{\"@type\":\"ReadAction\",\"target\":[\"https:\\\/\\\/www.bedda.apartments\\\/es\\\/contactos\\\/\"]}]},{\"@type\":\"BreadcrumbList\",\"@id\":\"https:\\\/\\\/www.bedda.apartments\\\/es\\\/contactos\\\/#breadcrumb\",\"itemListElement\":[{\"@type\":\"ListItem\",\"position\":1,\"name\":\"Home\",\"item\":\"https:\\\/\\\/www.bedda.apartments\\\/es\\\/\"},{\"@type\":\"ListItem\",\"position\":2,\"name\":\"Contacts\"}]},{\"@type\":\"WebSite\",\"@id\":\"https:\\\/\\\/www.bedda.apartments\\\/#website\",\"url\":\"https:\\\/\\\/www.bedda.apartments\\\/\",\"name\":\"Bedda Apartments\",\"description\":\"\",\"potentialAction\":[{\"@type\":\"SearchAction\",\"target\":{\"@type\":\"EntryPoint\",\"urlTemplate\":\"https:\\\/\\\/www.bedda.apartments\\\/?s={search_term_string}\"},\"query-input\":{\"@type\":\"PropertyValueSpecification\",\"valueRequired\":true,\"valueName\":\"search_term_string\"}}],\"inLanguage\":\"fr-FR\"}]}<\/script>\n<!-- \/ Yoast SEO plugin. -->","yoast_head_json":{"title":"Contacts | Bedda, petit studio - au coeur de Catane","description":"Bedda, Tiny Studio est bien plus qu\u2019un simple h\u00e9bergement ; c'est une invitation \u00e0 d\u00e9couvrir Catane comme un vrai Catanais.","robots":{"index":"index","follow":"follow","max-snippet":"max-snippet:-1","max-image-preview":"max-image-preview:large","max-video-preview":"max-video-preview:-1"},"canonical":"https:\/\/www.bedda.apartments\/es\/contactos\/","og_locale":"fr_FR","og_type":"article","og_title":"Contacts | Bedda, petit studio - au coeur de Catane","og_description":"Bedda, Tiny Studio est bien plus qu\u2019un simple h\u00e9bergement ; c'est une invitation \u00e0 d\u00e9couvrir Catane comme un vrai Catanais.","og_url":"https:\/\/www.bedda.apartments\/es\/contactos\/","og_site_name":"Bedda Apartments","article_modified_time":"2024-06-21T13:14:06+00:00","twitter_card":"summary_large_image","twitter_misc":{"Dur\u00e9e de lecture estim\u00e9e":"1 minute"},"schema":{"@context":"https:\/\/schema.org","@graph":[{"@type":"WebPage","@id":"https:\/\/www.bedda.apartments\/es\/contactos\/","url":"https:\/\/www.bedda.apartments\/es\/contactos\/","name":"Contacts | Bedda, petit studio - au coeur de Catane","isPartOf":{"@id":"https:\/\/www.bedda.apartments\/#website"},"datePublished":"2024-04-30T10:07:25+00:00","dateModified":"2024-06-21T13:14:06+00:00","description":"Bedda, Tiny Studio est bien plus qu\u2019un simple h\u00e9bergement ; c'est une invitation \u00e0 d\u00e9couvrir Catane comme un vrai Catanais.","breadcrumb":{"@id":"https:\/\/www.bedda.apartments\/es\/contactos\/#breadcrumb"},"inLanguage":"fr-FR","potentialAction":[{"@type":"ReadAction","target":["https:\/\/www.bedda.apartments\/es\/contactos\/"]}]},{"@type":"BreadcrumbList","@id":"https:\/\/www.bedda.apartments\/es\/contactos\/#breadcrumb","itemListElement":[{"@type":"ListItem","position":1,"name":"Home","item":"https:\/\/www.bedda.apartments\/es\/"},{"@type":"ListItem","position":2,"name":"Contacts"}]},{"@type":"WebSite","@id":"https:\/\/www.bedda.apartments\/#website","url":"https:\/\/www.bedda.apartments\/","name":"Bedda Apartments","description":"","potentialAction":[{"@type":"SearchAction","target":{"@type":"EntryPoint","urlTemplate":"https:\/\/www.bedda.apartments\/?s={search_term_string}"},"query-input":{"@type":"PropertyValueSpecification","valueRequired":true,"valueName":"search_term_string"}}],"inLanguage":"fr-FR"}]}},"_links":{"self":[{"href":"https:\/\/www.bedda.apartments\/fr\/wp-json\/wp\/v2\/pages\/3009","targetHints":{"allow":["GET"]}}],"collection":[{"href":"https:\/\/www.bedda.apartments\/fr\/wp-json\/wp\/v2\/pages"}],"about":[{"href":"https:\/\/www.bedda.apartments\/fr\/wp-json\/wp\/v2\/types\/page"}],"author":[{"embeddable":true,"href":"https:\/\/www.bedda.apartments\/fr\/wp-json\/wp\/v2\/users\/1"}],"replies":[{"embeddable":true,"href":"https:\/\/www.bedda.apartments\/fr\/wp-json\/wp\/v2\/comments?post=3009"}],"version-history":[{"count":10,"href":"https:\/\/www.bedda.apartments\/fr\/wp-json\/wp\/v2\/pages\/3009\/revisions"}],"predecessor-version":[{"id":3255,"href":"https:\/\/www.bedda.apartments\/fr\/wp-json\/wp\/v2\/pages\/3009\/revisions\/3255"}],"wp:attachment":[{"href":"https:\/\/www.bedda.apartments\/fr\/wp-json\/wp\/v2\/media?parent=3009"}],"curies":[{"name":"wp","href":"https:\/\/api.w.org\/{rel}","templated":true}]}}